{"id":31836,"date":"2025-07-01T11:19:37","date_gmt":"2025-07-01T09:19:37","guid":{"rendered":"https:\/\/staging.niryo.com\/product\/mallette-de-transport\/"},"modified":"2025-10-22T10:19:46","modified_gmt":"2025-10-22T08:19:46","slug":"mallette-de-transport","status":"publish","type":"product","link":"https:\/\/staging.niryo.com\/fr\/produit\/mallette-de-transport\/","title":{"rendered":"Mallette de transport"},"content":{"rendered":"\t\t<div data-elementor-type=\"product-post\" data-elementor-id=\"31836\" class=\"elementor elementor-31836 elementor-31736\" data-elementor-post-type=\"product\">\n\t\t\t\t<div class=\"elementor-element elementor-element-f7d101c elementor-hidden-mobile e-con-full e-flex e-con e-parent\" data-id=\"f7d101c\" data-element_type=\"container\" data-e-type=\"container\">\n\t\t<div class=\"elementor-element elementor-element-915a587 e-flex e-con-boxed e-con e-child\" data-id=\"915a587\" data-element_type=\"container\" data-e-type=\"container\">\n\t\t\t\t\t<div class=\"e-con-inner\">\n\t\t<div class=\"elementor-element elementor-element-244b605 e-con-full e-flex e-con e-child\" data-id=\"244b605\" data-element_type=\"container\" data-e-type=\"container\" data-settings=\"{&quot;background_background&quot;:&quot;video&quot;,&quot;background_video_link&quot;:&quot;https:\\\/\\\/staging.niryo.com\\\/wp-content\\\/uploads\\\/2025\\\/10\\\/Release%20Carrying%20Case%20Niryo_V1.webm&quot;,&quot;background_video_start&quot;:0,&quot;background_video_end&quot;:100,&quot;background_play_on_mobile&quot;:&quot;yes&quot;}\">\n\t\t<div class=\"elementor-background-video-container\">\n\t\t\t\t\t\t\t<video class=\"elementor-background-video-hosted\" role=\"presentation\" autoplay muted playsinline loop><\/video>\n\t\t\t\t\t<\/div>\t\t<\/div>\n\t\t\t\t\t<\/div>\n\t\t\t\t<\/div>\n\t\t\t\t<div class=\"elementor-element elementor-element-8721f37 elementor-widget-divider--view-line elementor-widget elementor-widget-divider\" data-id=\"8721f37\" data-element_type=\"widget\" data-e-type=\"widget\" data-widget_type=\"divider.default\">\n\t\t\t\t<div class=\"elementor-widget-container\">\n\t\t\t\t\t\t\t<div class=\"elementor-divider\">\n\t\t\t<span class=\"elementor-divider-separator\">\n\t\t\t\t\t\t<\/span>\n\t\t<\/div>\n\t\t\t\t\t\t<\/div>\n\t\t\t\t<\/div>\n\t\t\t\t<\/div>\n\t\t<div class=\"elementor-element elementor-element-12c6cd3 e-flex e-con-boxed e-con e-parent\" data-id=\"12c6cd3\" data-element_type=\"container\" data-e-type=\"container\">\n\t\t\t\t\t<div class=\"e-con-inner\">\n\t\t\t\t<div class=\"elementor-element elementor-element-7d64bc4 elementor-widget__width-initial elementor-widget-laptop__width-initial elementor-widget elementor-widget-heading\" data-id=\"7d64bc4\" data-element_type=\"widget\" data-e-type=\"widget\" data-widget_type=\"heading.default\">\n\t\t\t\t<div class=\"elementor-widget-container\">\n\t\t\t\t\t<h2 class=\"elementor-heading-title elementor-size-default\">Quels sont les avantages de la mallette de transport ?<\/h2>\t\t\t\t<\/div>\n\t\t\t\t<\/div>\n\t\t<div class=\"elementor-element elementor-element-4306492 e-con-full e-flex e-con e-child\" data-id=\"4306492\" data-element_type=\"container\" data-e-type=\"container\">\n\t\t<div class=\"elementor-element elementor-element-6d78c4b e-con-full e-flex e-con e-child\" data-id=\"6d78c4b\" data-element_type=\"container\" data-e-type=\"container\" data-settings=\"{&quot;background_background&quot;:&quot;classic&quot;}\">\n\t\t\t\t<div class=\"elementor-element elementor-element-f014c9b elementor-widget elementor-widget-image\" data-id=\"f014c9b\" data-element_type=\"widget\" data-e-type=\"widget\" data-widget_type=\"image.default\">\n\t\t\t\t<div class=\"elementor-widget-container\">\n\t\t\t\t\t\t\t\t\t\t\t\t\t\t\t<img loading=\"lazy\" decoding=\"async\" width=\"300\" height=\"300\" src=\"https:\/\/staging.niryo.com\/wp-content\/uploads\/2025\/10\/Case-hero1-1000px-300x300.jpg\" class=\"attachment-medium size-medium wp-image-34293\" alt=\"\" srcset=\"https:\/\/staging.niryo.com\/wp-content\/uploads\/2025\/10\/Case-hero1-1000px-300x300.jpg 300w, https:\/\/staging.niryo.com\/wp-content\/uploads\/2025\/10\/Case-hero1-1000px-150x150.jpg 150w, https:\/\/staging.niryo.com\/wp-content\/uploads\/2025\/10\/Case-hero1-1000px-768x768.jpg 768w, https:\/\/staging.niryo.com\/wp-content\/uploads\/2025\/10\/Case-hero1-1000px-100x100.jpg 100w, https:\/\/staging.niryo.com\/wp-content\/uploads\/2025\/10\/Case-hero1-1000px.jpg 1000w\" sizes=\"auto, (max-width: 300px) 100vw, 300px\" \/>\t\t\t\t\t\t\t\t\t\t\t\t\t\t\t<\/div>\n\t\t\t\t<\/div>\n\t\t\t\t<div class=\"elementor-element elementor-element-5419f39 elementor-widget elementor-widget-heading\" data-id=\"5419f39\" data-element_type=\"widget\" data-e-type=\"widget\" data-widget_type=\"heading.default\">\n\t\t\t\t<div class=\"elementor-widget-container\">\n\t\t\t\t\t<h3 class=\"elementor-heading-title elementor-size-default\">Transport facile hors du campus<\/h3>\t\t\t\t<\/div>\n\t\t\t\t<\/div>\n\t\t\t\t<div class=\"elementor-element elementor-element-bd333a3 elementor-widget elementor-widget-text-editor\" data-id=\"bd333a3\" data-element_type=\"widget\" data-e-type=\"widget\" data-widget_type=\"text-editor.default\">\n\t\t\t\t<div class=\"elementor-widget-container\">\n\t\t\t\t\t\t\t\t\t<p><span style=\"font-weight: 400;\">Emmenez votre Discovery Bundle ou STEM Pack facilement en activit\u00e9s ext\u00e9rieures.<\/span><\/p>\t\t\t\t\t\t\t\t<\/div>\n\t\t\t\t<\/div>\n\t\t\t\t<\/div>\n\t\t<div class=\"elementor-element elementor-element-9c9bfee e-con-full e-flex e-con e-child\" data-id=\"9c9bfee\" data-element_type=\"container\" data-e-type=\"container\" data-settings=\"{&quot;background_background&quot;:&quot;classic&quot;}\">\n\t\t\t\t<div class=\"elementor-element elementor-element-6f65b09 elementor-widget elementor-widget-image\" data-id=\"6f65b09\" data-element_type=\"widget\" data-e-type=\"widget\" data-widget_type=\"image.default\">\n\t\t\t\t<div class=\"elementor-widget-container\">\n\t\t\t\t\t\t\t\t\t\t\t\t\t\t\t<img loading=\"lazy\" decoding=\"async\" width=\"300\" height=\"300\" src=\"https:\/\/staging.niryo.com\/wp-content\/uploads\/2025\/10\/Case-hero3-1000px-300x300.jpg\" class=\"attachment-woocommerce_thumbnail size-woocommerce_thumbnail wp-image-34308\" alt=\"\" srcset=\"https:\/\/staging.niryo.com\/wp-content\/uploads\/2025\/10\/Case-hero3-1000px-300x300.jpg 300w, https:\/\/staging.niryo.com\/wp-content\/uploads\/2025\/10\/Case-hero3-1000px-150x150.jpg 150w, https:\/\/staging.niryo.com\/wp-content\/uploads\/2025\/10\/Case-hero3-1000px-768x768.jpg 768w, https:\/\/staging.niryo.com\/wp-content\/uploads\/2025\/10\/Case-hero3-1000px-100x100.jpg 100w, https:\/\/staging.niryo.com\/wp-content\/uploads\/2025\/10\/Case-hero3-1000px.jpg 1000w\" sizes=\"auto, (max-width: 300px) 100vw, 300px\" \/>\t\t\t\t\t\t\t\t\t\t\t\t\t\t\t<\/div>\n\t\t\t\t<\/div>\n\t\t\t\t<div class=\"elementor-element elementor-element-d770024 elementor-widget elementor-widget-heading\" data-id=\"d770024\" data-element_type=\"widget\" data-e-type=\"widget\" data-widget_type=\"heading.default\">\n\t\t\t\t<div class=\"elementor-widget-container\">\n\t\t\t\t\t<h3 class=\"elementor-heading-title elementor-size-default\">Stockage s\u00e9curis\u00e9<\/h3>\t\t\t\t<\/div>\n\t\t\t\t<\/div>\n\t\t\t\t<div class=\"elementor-element elementor-element-2a9f452 elementor-widget elementor-widget-text-editor\" data-id=\"2a9f452\" data-element_type=\"widget\" data-e-type=\"widget\" data-widget_type=\"text-editor.default\">\n\t\t\t\t<div class=\"elementor-widget-container\">\n\t\t\t\t\t\t\t\t\t<p><span style=\"font-weight: 400;\">Rangez votre \u00e9quipement en toute s\u00e9curit\u00e9 et gagnez de la place m\u00eame en rotation de mat\u00e9riel.<\/span><\/p>\t\t\t\t\t\t\t\t<\/div>\n\t\t\t\t<\/div>\n\t\t\t\t<\/div>\n\t\t<div class=\"elementor-element elementor-element-4baceb6 e-con-full e-flex e-con e-child\" data-id=\"4baceb6\" data-element_type=\"container\" data-e-type=\"container\" data-settings=\"{&quot;background_background&quot;:&quot;classic&quot;}\">\n\t\t\t\t<div class=\"elementor-element elementor-element-79f30a3 elementor-widget elementor-widget-heading\" data-id=\"79f30a3\" data-element_type=\"widget\" data-e-type=\"widget\" data-widget_type=\"heading.default\">\n\t\t\t\t<div class=\"elementor-widget-container\">\n\t\t\t\t\t<h3 class=\"elementor-heading-title elementor-size-default\">Tailles<\/h3>\t\t\t\t<\/div>\n\t\t\t\t<\/div>\n\t\t\t\t<div class=\"elementor-element elementor-element-308ac40 elementor-widget elementor-widget-text-editor\" data-id=\"308ac40\" data-element_type=\"widget\" data-e-type=\"widget\" data-widget_type=\"text-editor.default\">\n\t\t\t\t<div class=\"elementor-widget-container\">\n\t\t\t\t\t\t\t\t\t<p><span style=\"font-weight: 400;\"><b>Poids<\/b>: 12,6 kg <\/span><\/p><p><span style=\"font-weight: 400;\">(\u00e0 vide, inclus les mousses de protection)<\/span><\/p><p><span style=\"font-weight: 400;\"><b>Poids<\/b>: 31,5 kg<\/span><\/p><p><span style=\"font-weight: 400;\"> (avec le Discovery Bundle complet)<\/span><\/p><p><span style=\"font-weight: 400;\"><b>Taille<\/b>: 800 x 600 x 450 mm<\/span><\/p><p><span style=\"font-weight: 400;\"><b>Fermeture<\/b>: 4 points<\/span><\/p><p><span style=\"font-weight: 400;\"><b>S\u00e9curit\u00e9<\/b>: 2 verrous, 4 cl\u00e9s<\/span><\/p><p><span style=\"font-weight: 400;\"><b>Coloris<\/b>: gris<\/span><\/p><p><span style=\"font-weight: 400;\"><b>Maniabilit\u00e9<\/b>: 2 roues et une poign\u00e9e t\u00e9lescopique<\/span><\/p>\t\t\t\t\t\t\t\t<\/div>\n\t\t\t\t<\/div>\n\t\t\t\t<\/div>\n\t\t\t\t<\/div>\n\t\t\t\t\t<\/div>\n\t\t\t\t<\/div>\n\t\t<div class=\"elementor-element elementor-element-ce6943d e-flex e-con-boxed e-con e-parent\" data-id=\"ce6943d\" data-element_type=\"container\" data-e-type=\"container\">\n\t\t\t\t\t<div class=\"e-con-inner\">\n\t\t\t\t<div class=\"elementor-element elementor-element-64009bc elementor-widget elementor-widget-template\" data-id=\"64009bc\" data-element_type=\"widget\" data-e-type=\"widget\" data-widget_type=\"template.default\">\n\t\t\t\t<div class=\"elementor-widget-container\">\n\t\t\t\t\t\t\t<div class=\"elementor-template\">\n\t\t\t\t\t<div data-elementor-type=\"container\" data-elementor-id=\"23871\" class=\"elementor elementor-23871 elementor-22474\" data-elementor-post-type=\"elementor_library\">\n\t\t\t\t<div class=\"elementor-element elementor-element-1fadf8d e-con-full e-flex e-con e-parent\" data-id=\"1fadf8d\" data-element_type=\"container\" data-e-type=\"container\">\n\t\t\t\t<div class=\"elementor-element elementor-element-807a4ac elementor-widget elementor-widget-heading\" data-id=\"807a4ac\" data-element_type=\"widget\" data-e-type=\"widget\" data-widget_type=\"heading.default\">\n\t\t\t\t<div class=\"elementor-widget-container\">\n\t\t\t\t\t<span class=\"elementor-heading-title elementor-size-default\">Des solutions pour tous<\/span>\t\t\t\t<\/div>\n\t\t\t\t<\/div>\n\t\t\t\t<div class=\"elementor-element elementor-element-172d275 elementor-widget__width-initial elementor-widget elementor-widget-heading\" data-id=\"172d275\" data-element_type=\"widget\" data-e-type=\"widget\" data-widget_type=\"heading.default\">\n\t\t\t\t<div class=\"elementor-widget-container\">\n\t\t\t\t\t<h2 class=\"elementor-heading-title elementor-size-default\">Nos solutions \u00e9ducatives<\/h2>\t\t\t\t<\/div>\n\t\t\t\t<\/div>\n\t\t\t\t<\/div>\n\t\t\t\t<\/div>\n\t\t\t\t<\/div>\n\t\t\t\t\t\t<\/div>\n\t\t\t\t<\/div>\n\t\t\t\t\t<\/div>\n\t\t\t\t<\/div>\n\t\t\t\t<\/div>\n\t\t","protected":false},"excerpt":{"rendered":"<p><span style=\"font-weight: 400;\">Transport et rangement simplifi\u00e9s pour votre robot Niryo.<\/span><\/p>\n<p><span style=\"font-weight: 400;\">La valise de transport Niryo facilite le d\u00e9placement et le stockage de votre Discovery Bundle ou de votre STEM Pack.\u00a0<\/span><\/p>\n<p><span style=\"font-weight: 400;\">Que vous organisiez un summer camp, un atelier de m\u00e9diation scientifique, une f\u00eate de la science, ou que vous d\u00e9placiez simplement le mat\u00e9riel d\u2019une salle de TP \u00e0 l\u2019autre, cette valise est con\u00e7ue pour simplifier votre logistique et prot\u00e9ger votre \u00e9quipement.<\/span><\/p>\n<p><span style=\"font-weight: 400;\">Disponible seule ou incluse dans votre Discovery Kit, la valise Niryo est le compagnon id\u00e9al pour les \u00e9ducateurs et animateurs qui recherchent flexibilit\u00e9, s\u00e9curit\u00e9 et praticit\u00e9 sans compromis.<\/span><\/p>\n","protected":false},"featured_media":31755,"template":"","meta":{"_acf_changed":false,"content-type":""},"area":[],"platform":[],"sector":[],"product_brand":[],"product_cat":[79],"class_list":{"0":"post-31836","1":"product","2":"type-product","3":"status-publish","4":"has-post-thumbnail","6":"product_cat-default-fr","8":"first","9":"instock","10":"taxable","11":"shipping-taxable","12":"purchasable","13":"product-type-variable","14":"has-default-attributes"},"acf":[],"yoast_head":"<!-- This site is optimized with the Yoast SEO plugin v26.9 - https:\/\/yoast.com\/product\/yoast-seo-wordpress\/ -->\n<title>Mallette de transport pour l&#039;ensemble de d\u00e9couverte<\/title>\n<meta name=\"description\" content=\"Le transport et le stockage de votre Discovery Bundle, de votre NED3Prod ou de tout autre bundle personnalis\u00e9 sont plus faciles que jamais gr\u00e2ce \u00e0 notre mallette de transport Niryo personnalis\u00e9e.\" \/>\n<meta name=\"robots\" content=\"index, follow, max-snippet:-1, max-image-preview:large, max-video-preview:-1\" \/>\n<link rel=\"canonical\" href=\"https:\/\/staging.niryo.com\/fr\/produit\/mallette-de-transport\/\" \/>\n<meta property=\"og:locale\" content=\"fr_FR\" \/>\n<meta property=\"og:type\" content=\"article\" \/>\n<meta property=\"og:title\" content=\"Mallette de transport pour l&#039;ensemble de d\u00e9couverte\" \/>\n<meta property=\"og:description\" content=\"Le transport et le stockage de votre Discovery Bundle, de votre NED3Prod ou de tout autre bundle personnalis\u00e9 sont plus faciles que jamais gr\u00e2ce \u00e0 notre mallette de transport Niryo personnalis\u00e9e.\" \/>\n<meta property=\"og:url\" content=\"https:\/\/staging.niryo.com\/fr\/produit\/mallette-de-transport\/\" \/>\n<meta property=\"og:site_name\" content=\"Niryo\" \/>\n<meta property=\"article:modified_time\" content=\"2025-10-22T08:19:46+00:00\" \/>\n<meta property=\"og:image\" content=\"https:\/\/staging.niryo.com\/wp-content\/uploads\/2025\/07\/Case-hero1-1000px.jpg\" \/>\n\t<meta property=\"og:image:width\" content=\"1000\" \/>\n\t<meta property=\"og:image:height\" content=\"1000\" \/>\n\t<meta property=\"og:image:type\" content=\"image\/jpeg\" \/>\n<meta name=\"twitter:card\" content=\"summary_large_image\" \/>\n<script type=\"application\/ld+json\" class=\"yoast-schema-graph\">{\"@context\":\"https:\/\/schema.org\",\"@graph\":[{\"@type\":\"WebPage\",\"@id\":\"https:\/\/staging.niryo.com\/fr\/produit\/mallette-de-transport\/\",\"url\":\"https:\/\/staging.niryo.com\/fr\/produit\/mallette-de-transport\/\",\"name\":\"Mallette de transport pour l'ensemble de d\u00e9couverte\",\"isPartOf\":{\"@id\":\"https:\/\/staging.niryo.com\/fr\/#website\"},\"primaryImageOfPage\":{\"@id\":\"https:\/\/staging.niryo.com\/fr\/produit\/mallette-de-transport\/#primaryimage\"},\"image\":{\"@id\":\"https:\/\/staging.niryo.com\/fr\/produit\/mallette-de-transport\/#primaryimage\"},\"thumbnailUrl\":\"https:\/\/staging.niryo.com\/wp-content\/uploads\/2025\/07\/Case-hero1-1000px.jpg\",\"datePublished\":\"2025-07-01T09:19:37+00:00\",\"dateModified\":\"2025-10-22T08:19:46+00:00\",\"description\":\"Le transport et le stockage de votre Discovery Bundle, de votre NED3Prod ou de tout autre bundle personnalis\u00e9 sont plus faciles que jamais gr\u00e2ce \u00e0 notre mallette de transport Niryo personnalis\u00e9e.\",\"breadcrumb\":{\"@id\":\"https:\/\/staging.niryo.com\/fr\/produit\/mallette-de-transport\/#breadcrumb\"},\"inLanguage\":\"fr-FR\",\"potentialAction\":[{\"@type\":\"ReadAction\",\"target\":[\"https:\/\/staging.niryo.com\/fr\/produit\/mallette-de-transport\/\"]}]},{\"@type\":\"ImageObject\",\"inLanguage\":\"fr-FR\",\"@id\":\"https:\/\/staging.niryo.com\/fr\/produit\/mallette-de-transport\/#primaryimage\",\"url\":\"https:\/\/staging.niryo.com\/wp-content\/uploads\/2025\/07\/Case-hero1-1000px.jpg\",\"contentUrl\":\"https:\/\/staging.niryo.com\/wp-content\/uploads\/2025\/07\/Case-hero1-1000px.jpg\",\"width\":1000,\"height\":1000},{\"@type\":\"BreadcrumbList\",\"@id\":\"https:\/\/staging.niryo.com\/fr\/produit\/mallette-de-transport\/#breadcrumb\",\"itemListElement\":[{\"@type\":\"ListItem\",\"position\":1,\"name\":\"Home\",\"item\":\"https:\/\/staging.niryo.com\/fr\/\"},{\"@type\":\"ListItem\",\"position\":2,\"name\":\"Produits\",\"item\":\"https:\/\/staging.niryo.com\/fr\/boutique\/\"},{\"@type\":\"ListItem\",\"position\":3,\"name\":\"Mallette de transport\"}]},{\"@type\":\"WebSite\",\"@id\":\"https:\/\/staging.niryo.com\/fr\/#website\",\"url\":\"https:\/\/staging.niryo.com\/fr\/\",\"name\":\"Niryo\",\"description\":\"Empower your robotics potential - Collaborative robots\",\"publisher\":{\"@id\":\"https:\/\/staging.niryo.com\/fr\/#organization\"},\"potentialAction\":[{\"@type\":\"SearchAction\",\"target\":{\"@type\":\"EntryPoint\",\"urlTemplate\":\"https:\/\/staging.niryo.com\/fr\/?s={search_term_string}\"},\"query-input\":{\"@type\":\"PropertyValueSpecification\",\"valueRequired\":true,\"valueName\":\"search_term_string\"}}],\"inLanguage\":\"fr-FR\"},{\"@type\":\"Organization\",\"@id\":\"https:\/\/staging.niryo.com\/fr\/#organization\",\"name\":\"Niryo\",\"url\":\"https:\/\/staging.niryo.com\/fr\/\",\"logo\":{\"@type\":\"ImageObject\",\"inLanguage\":\"fr-FR\",\"@id\":\"https:\/\/staging.niryo.com\/fr\/#\/schema\/logo\/image\/\",\"url\":\"https:\/\/staging.niryo.com\/wp-content\/uploads\/2024\/03\/logo-horizontal-bleu.svg\",\"contentUrl\":\"https:\/\/staging.niryo.com\/wp-content\/uploads\/2024\/03\/logo-horizontal-bleu.svg\",\"caption\":\"Niryo\"},\"image\":{\"@id\":\"https:\/\/staging.niryo.com\/fr\/#\/schema\/logo\/image\/\"},\"sameAs\":[\"https:\/\/www.linkedin.com\/company\/10970402\/admin\/feed\/posts\/\",\"https:\/\/www.tiktok.com\/@niryo_robotics\",\"https:\/\/www.instagram.com\/niryo_robotics\/\",\"https:\/\/discord.com\/invite\/EqpPYTf9FJ\"]}]}<\/script>\n<!-- \/ Yoast SEO plugin. -->","yoast_head_json":{"title":"Mallette de transport pour l'ensemble de d\u00e9couverte","description":"Le transport et le stockage de votre Discovery Bundle, de votre NED3Prod ou de tout autre bundle personnalis\u00e9 sont plus faciles que jamais gr\u00e2ce \u00e0 notre mallette de transport Niryo personnalis\u00e9e.","robots":{"index":"index","follow":"follow","max-snippet":"max-snippet:-1","max-image-preview":"max-image-preview:large","max-video-preview":"max-video-preview:-1"},"canonical":"https:\/\/staging.niryo.com\/fr\/produit\/mallette-de-transport\/","og_locale":"fr_FR","og_type":"article","og_title":"Mallette de transport pour l'ensemble de d\u00e9couverte","og_description":"Le transport et le stockage de votre Discovery Bundle, de votre NED3Prod ou de tout autre bundle personnalis\u00e9 sont plus faciles que jamais gr\u00e2ce \u00e0 notre mallette de transport Niryo personnalis\u00e9e.","og_url":"https:\/\/staging.niryo.com\/fr\/produit\/mallette-de-transport\/","og_site_name":"Niryo","article_modified_time":"2025-10-22T08:19:46+00:00","og_image":[{"width":1000,"height":1000,"url":"https:\/\/staging.niryo.com\/wp-content\/uploads\/2025\/07\/Case-hero1-1000px.jpg","type":"image\/jpeg"}],"twitter_card":"summary_large_image","schema":{"@context":"https:\/\/schema.org","@graph":[{"@type":"WebPage","@id":"https:\/\/staging.niryo.com\/fr\/produit\/mallette-de-transport\/","url":"https:\/\/staging.niryo.com\/fr\/produit\/mallette-de-transport\/","name":"Mallette de transport pour l'ensemble de d\u00e9couverte","isPartOf":{"@id":"https:\/\/staging.niryo.com\/fr\/#website"},"primaryImageOfPage":{"@id":"https:\/\/staging.niryo.com\/fr\/produit\/mallette-de-transport\/#primaryimage"},"image":{"@id":"https:\/\/staging.niryo.com\/fr\/produit\/mallette-de-transport\/#primaryimage"},"thumbnailUrl":"https:\/\/staging.niryo.com\/wp-content\/uploads\/2025\/07\/Case-hero1-1000px.jpg","datePublished":"2025-07-01T09:19:37+00:00","dateModified":"2025-10-22T08:19:46+00:00","description":"Le transport et le stockage de votre Discovery Bundle, de votre NED3Prod ou de tout autre bundle personnalis\u00e9 sont plus faciles que jamais gr\u00e2ce \u00e0 notre mallette de transport Niryo personnalis\u00e9e.","breadcrumb":{"@id":"https:\/\/staging.niryo.com\/fr\/produit\/mallette-de-transport\/#breadcrumb"},"inLanguage":"fr-FR","potentialAction":[{"@type":"ReadAction","target":["https:\/\/staging.niryo.com\/fr\/produit\/mallette-de-transport\/"]}]},{"@type":"ImageObject","inLanguage":"fr-FR","@id":"https:\/\/staging.niryo.com\/fr\/produit\/mallette-de-transport\/#primaryimage","url":"https:\/\/staging.niryo.com\/wp-content\/uploads\/2025\/07\/Case-hero1-1000px.jpg","contentUrl":"https:\/\/staging.niryo.com\/wp-content\/uploads\/2025\/07\/Case-hero1-1000px.jpg","width":1000,"height":1000},{"@type":"BreadcrumbList","@id":"https:\/\/staging.niryo.com\/fr\/produit\/mallette-de-transport\/#breadcrumb","itemListElement":[{"@type":"ListItem","position":1,"name":"Home","item":"https:\/\/staging.niryo.com\/fr\/"},{"@type":"ListItem","position":2,"name":"Produits","item":"https:\/\/staging.niryo.com\/fr\/boutique\/"},{"@type":"ListItem","position":3,"name":"Mallette de transport"}]},{"@type":"WebSite","@id":"https:\/\/staging.niryo.com\/fr\/#website","url":"https:\/\/staging.niryo.com\/fr\/","name":"Niryo","description":"Empower your robotics potential - Collaborative robots","publisher":{"@id":"https:\/\/staging.niryo.com\/fr\/#organization"},"potentialAction":[{"@type":"SearchAction","target":{"@type":"EntryPoint","urlTemplate":"https:\/\/staging.niryo.com\/fr\/?s={search_term_string}"},"query-input":{"@type":"PropertyValueSpecification","valueRequired":true,"valueName":"search_term_string"}}],"inLanguage":"fr-FR"},{"@type":"Organization","@id":"https:\/\/staging.niryo.com\/fr\/#organization","name":"Niryo","url":"https:\/\/staging.niryo.com\/fr\/","logo":{"@type":"ImageObject","inLanguage":"fr-FR","@id":"https:\/\/staging.niryo.com\/fr\/#\/schema\/logo\/image\/","url":"https:\/\/staging.niryo.com\/wp-content\/uploads\/2024\/03\/logo-horizontal-bleu.svg","contentUrl":"https:\/\/staging.niryo.com\/wp-content\/uploads\/2024\/03\/logo-horizontal-bleu.svg","caption":"Niryo"},"image":{"@id":"https:\/\/staging.niryo.com\/fr\/#\/schema\/logo\/image\/"},"sameAs":["https:\/\/www.linkedin.com\/company\/10970402\/admin\/feed\/posts\/","https:\/\/www.tiktok.com\/@niryo_robotics","https:\/\/www.instagram.com\/niryo_robotics\/","https:\/\/discord.com\/invite\/EqpPYTf9FJ"]}]}},"jetpack_sharing_enabled":true,"_links":{"self":[{"href":"https:\/\/staging.niryo.com\/fr\/wp-json\/wp\/v2\/product\/31836","targetHints":{"allow":["GET"]}}],"collection":[{"href":"https:\/\/staging.niryo.com\/fr\/wp-json\/wp\/v2\/product"}],"about":[{"href":"https:\/\/staging.niryo.com\/fr\/wp-json\/wp\/v2\/types\/product"}],"version-history":[{"count":0,"href":"https:\/\/staging.niryo.com\/fr\/wp-json\/wp\/v2\/product\/31836\/revisions"}],"wp:featuredmedia":[{"embeddable":true,"href":"https:\/\/staging.niryo.com\/fr\/wp-json\/wp\/v2\/media\/31755"}],"wp:attachment":[{"href":"https:\/\/staging.niryo.com\/fr\/wp-json\/wp\/v2\/media?parent=31836"}],"wp:term":[{"taxonomy":"area","embeddable":true,"href":"https:\/\/staging.niryo.com\/fr\/wp-json\/wp\/v2\/area?post=31836"},{"taxonomy":"platform","embeddable":true,"href":"https:\/\/staging.niryo.com\/fr\/wp-json\/wp\/v2\/platform?post=31836"},{"taxonomy":"sector","embeddable":true,"href":"https:\/\/staging.niryo.com\/fr\/wp-json\/wp\/v2\/sector?post=31836"},{"taxonomy":"product_brand","embeddable":true,"href":"https:\/\/staging.niryo.com\/fr\/wp-json\/wp\/v2\/product_brand?post=31836"},{"taxonomy":"product_cat","embeddable":true,"href":"https:\/\/staging.niryo.com\/fr\/wp-json\/wp\/v2\/product_cat?post=31836"}],"curies":[{"name":"wp","href":"https:\/\/api.w.org\/{rel}","templated":true}]}}