{"id":5636,"date":"2024-06-27T16:30:19","date_gmt":"2024-06-27T14:30:19","guid":{"rendered":"https:\/\/staging.niryo.com\/product\/electro-magnet\/"},"modified":"2025-10-13T15:42:57","modified_gmt":"2025-10-13T13:42:57","slug":"electro-aimant","status":"publish","type":"product","link":"https:\/\/staging.niryo.com\/fr\/produit\/electro-aimant\/","title":{"rendered":"\u00c9lectro-Aimant"},"content":{"rendered":"\t\t<div data-elementor-type=\"product-post\" data-elementor-id=\"5636\" class=\"elementor elementor-5636 elementor-3732\" data-elementor-post-type=\"product\">\n\t\t\t\t<div class=\"elementor-element elementor-element-2b60b11c e-flex e-con-boxed e-con e-parent\" data-id=\"2b60b11c\" data-element_type=\"container\" data-e-type=\"container\">\n\t\t\t\t\t<div class=\"e-con-inner\">\n\t\t\t\t<div class=\"elementor-element elementor-element-17fcde37 elementor-widget elementor-widget-heading\" data-id=\"17fcde37\" data-element_type=\"widget\" data-e-type=\"widget\" data-widget_type=\"heading.default\">\n\t\t\t\t<div class=\"elementor-widget-container\">\n\t\t\t\t\t<h2 class=\"elementor-heading-title elementor-size-default\">Attirez des objets m\u00e9talliques<\/h2>\t\t\t\t<\/div>\n\t\t\t\t<\/div>\n\t\t<div class=\"elementor-element elementor-element-52a49d05 e-con-full e-flex e-con e-child\" data-id=\"52a49d05\" data-element_type=\"container\" data-e-type=\"container\" data-settings=\"{&quot;background_background&quot;:&quot;video&quot;,&quot;background_video_link&quot;:&quot;https:\\\/\\\/staging.niryo.com\\\/wp-content\\\/uploads\\\/2025\\\/04\\\/Pp-Electromagnet_OPTI.mp4&quot;,&quot;background_video_start&quot;:0,&quot;background_video_end&quot;:100,&quot;background_play_on_mobile&quot;:&quot;yes&quot;}\">\n\t\t<div class=\"elementor-background-video-container\">\n\t\t\t\t\t\t\t<video class=\"elementor-background-video-hosted\" role=\"presentation\" autoplay muted playsinline loop><\/video>\n\t\t\t\t\t<\/div>\t\t<div class=\"elementor-element elementor-element-69f7577 elementor-widget elementor-widget-video\" data-id=\"69f7577\" data-element_type=\"widget\" data-e-type=\"widget\" data-settings=\"{&quot;video_type&quot;:&quot;hosted&quot;,&quot;autoplay&quot;:&quot;yes&quot;,&quot;play_on_mobile&quot;:&quot;yes&quot;,&quot;mute&quot;:&quot;yes&quot;,&quot;loop&quot;:&quot;yes&quot;}\" data-widget_type=\"video.default\">\n\t\t\t\t<div class=\"elementor-widget-container\">\n\t\t\t\t\t\t\t<div class=\"e-hosted-video elementor-wrapper elementor-open-inline\">\n\t\t\t\t\t<video class=\"elementor-video\" src=\"https:\/\/staging.niryo.com\/wp-content\/uploads\/2025\/04\/Pp-Electromagnet_OPTI.mp4\" autoplay=\"\" loop=\"\" muted=\"muted\" playsinline=\"\" controlsList=\"nodownload\"><\/video>\n\t\t\t\t<\/div>\n\t\t\t\t\t\t<\/div>\n\t\t\t\t<\/div>\n\t\t\t\t<\/div>\n\t\t\t\t\t<\/div>\n\t\t\t\t<\/div>\n\t\t<div class=\"elementor-element elementor-element-30f74df6 elementor-hidden-mobile e-flex e-con-boxed e-con e-parent\" data-id=\"30f74df6\" data-element_type=\"container\" data-e-type=\"container\">\n\t\t\t\t\t<div class=\"e-con-inner\">\n\t\t\t\t<div class=\"elementor-element elementor-element-2b9b8ec9 elementor-widget elementor-widget-template\" data-id=\"2b9b8ec9\" data-element_type=\"widget\" data-e-type=\"widget\" data-widget_type=\"template.default\">\n\t\t\t\t<div class=\"elementor-widget-container\">\n\t\t\t\t\t\t\t<div class=\"elementor-template\">\n\t\t\t\t\t<div data-elementor-type=\"container\" data-elementor-id=\"23886\" class=\"elementor elementor-23886 elementor-22668\" data-elementor-post-type=\"elementor_library\">\n\t\t\t\t<div role=\"region\" aria-labelledby=\"e-n-accordion-item-1960\" class=\"elementor-element elementor-element-5cf22526 e-con-full e-flex e-con e-parent\" data-id=\"5cf22526\" data-element_type=\"container\" data-e-type=\"container\">\n\t\t<div role=\"region\" aria-labelledby=\"e-n-accordion-item-1960\" class=\"elementor-element elementor-element-1c4085ed e-con-full e-flex e-con e-child\" data-id=\"1c4085ed\" data-element_type=\"container\" data-e-type=\"container\">\n\t\t\t\t<div class=\"elementor-element elementor-element-771db8d1 elementor-hidden-mobile elementor-widget elementor-widget-heading\" data-id=\"771db8d1\" data-element_type=\"widget\" data-e-type=\"widget\" data-widget_type=\"heading.default\">\n\t\t\t\t<div class=\"elementor-widget-container\">\n\t\t\t\t\t<h3 class=\"elementor-heading-title elementor-size-default\">Dimensions<\/h3>\t\t\t\t<\/div>\n\t\t\t\t<\/div>\n\t\t\t\t<div class=\"elementor-element elementor-element-5a8fac04 elementor-widget elementor-widget-text-editor\" data-id=\"5a8fac04\" data-element_type=\"widget\" data-e-type=\"widget\" data-widget_type=\"text-editor.default\">\n\t\t\t\t<div class=\"elementor-widget-container\">\n\t\t\t\t\t\t\t\t\t<p><strong>Largeur:<\/strong> 32mm<br \/><strong>Profondeur:<\/strong> 48mm<br \/><strong>Hauteur:<\/strong> 37mm<\/p>\t\t\t\t\t\t\t\t<\/div>\n\t\t\t\t<\/div>\n\t\t\t\t<\/div>\n\t\t<div role=\"region\" aria-labelledby=\"e-n-accordion-item-1960\" class=\"elementor-element elementor-element-1145001b e-flex e-con-boxed e-con e-child\" data-id=\"1145001b\" data-element_type=\"container\" data-e-type=\"container\">\n\t\t\t\t\t<div class=\"e-con-inner\">\n\t\t\t\t<div class=\"elementor-element elementor-element-68cb0e24 elementor-widget elementor-widget-image\" data-id=\"68cb0e24\" data-element_type=\"widget\" data-e-type=\"widget\" data-widget_type=\"image.default\">\n\t\t\t\t<div class=\"elementor-widget-container\">\n\t\t\t\t\t\t\t\t\t\t\t\t\t\t\t<img decoding=\"async\" width=\"1\" height=\"1\" src=\"https:\/\/staging.niryo.com\/wp-content\/uploads\/2024\/06\/electromagnet-techspecs-1.svg\" class=\"attachment-large size-large wp-image-5514\" alt=\"\" loading=\"lazy\" \/>\t\t\t\t\t\t\t\t\t\t\t\t\t\t\t<\/div>\n\t\t\t\t<\/div>\n\t\t\t\t\t<\/div>\n\t\t\t\t<\/div>\n\t\t\t\t<\/div>\n\t\t\t\t<\/div>\n\t\t\t\t<\/div>\n\t\t\t\t\t\t<\/div>\n\t\t\t\t<\/div>\n\t\t\t\t\t<\/div>\n\t\t\t\t<\/div>\n\t\t<div class=\"elementor-element elementor-element-530da4b5 e-con-full elementor-hidden-desktop elementor-hidden-laptop elementor-hidden-tablet_extra elementor-hidden-tablet elementor-hidden-mobile_extra e-flex e-con e-child\" data-id=\"530da4b5\" data-element_type=\"container\" data-e-type=\"container\">\n\t\t\t\t<div class=\"elementor-element elementor-element-10774fde elementor-widget elementor-widget-n-accordion\" data-id=\"10774fde\" data-element_type=\"widget\" data-e-type=\"widget\" data-settings=\"{&quot;default_state&quot;:&quot;all_collapsed&quot;,&quot;max_items_expended&quot;:&quot;one&quot;,&quot;n_accordion_animation_duration&quot;:{&quot;unit&quot;:&quot;ms&quot;,&quot;size&quot;:400,&quot;sizes&quot;:[]}}\" data-widget_type=\"nested-accordion.default\">\n\t\t\t\t<div class=\"elementor-widget-container\">\n\t\t\t\t\t\t\t<div class=\"e-n-accordion\" aria-label=\"Accordion. Open links with Enter or Space, close with Escape, and navigate with Arrow Keys\">\n\t\t\t\t\t\t<details id=\"e-n-accordion-item-2760\" class=\"e-n-accordion-item\" >\n\t\t\t\t<summary class=\"e-n-accordion-item-title\" data-accordion-index=\"1\" tabindex=\"0\" aria-expanded=\"false\" aria-controls=\"e-n-accordion-item-2760\" >\n\t\t\t\t\t<span class='e-n-accordion-item-title-header'><div class=\"e-n-accordion-item-title-text\"> Dimensions <\/div><\/span>\n\t\t\t\t\t\t\t<span class='e-n-accordion-item-title-icon'>\n\t\t\t<span class='e-opened' ><svg xmlns=\"http:\/\/www.w3.org\/2000\/svg\" width=\"24\" height=\"24\" viewBox=\"0 0 24 24\" fill=\"none\"><g id=\"big\/chevron\/up\"><path id=\"Mask\" d=\"M18.7 15.7C18.5 15.9 18.3 16 18 16C17.7 16 17.5 15.9 17.3 15.7L12 10.4L6.7 15.7C6.3 16.1 5.7 16.1 5.3 15.7C4.9 15.3 4.9 14.7 5.3 14.3L11.3 8.3C11.7 7.9 12.3 7.9 12.7 8.3L18.7 14.3C19.1 14.7 19.1 15.3 18.7 15.7Z\" fill=\"#575D81\"><\/path><\/g><\/svg><\/span>\n\t\t\t<span class='e-closed'><svg xmlns=\"http:\/\/www.w3.org\/2000\/svg\" width=\"24\" height=\"24\" viewBox=\"0 0 24 24\" fill=\"none\"><g id=\"big\/chevron\/down\"><path id=\"Mask\" d=\"M18.7 9.7L12.7 15.7C12.5 15.9 12.3 16 12 16C11.7 16 11.5 15.9 11.3 15.7L5.3 9.7C4.9 9.3 4.9 8.7 5.3 8.3C5.7 7.9 6.3 7.9 6.7 8.3L12 13.6L17.3 8.3C17.7 7.9 18.3 7.9 18.7 8.3C19.1 8.7 19.1 9.3 18.7 9.7Z\" fill=\"#575D81\"><\/path><\/g><\/svg><\/span>\n\t\t<\/span>\n\n\t\t\t\t\t\t<\/summary>\n\t\t\t\t<div role=\"region\" aria-labelledby=\"e-n-accordion-item-2760\" class=\"elementor-element elementor-element-31520dff e-con-full e-flex e-con e-child\" data-id=\"31520dff\" data-element_type=\"container\" data-e-type=\"container\">\n\t\t\t\t<div class=\"elementor-element elementor-element-4dcdf616 elementor-widget elementor-widget-template\" data-id=\"4dcdf616\" data-element_type=\"widget\" data-e-type=\"widget\" data-widget_type=\"template.default\">\n\t\t\t\t<div class=\"elementor-widget-container\">\n\t\t\t\t\t\t\t<div class=\"elementor-template\">\n\t\t\t\t\t<div data-elementor-type=\"container\" data-elementor-id=\"23886\" class=\"elementor elementor-23886 elementor-22668\" data-elementor-post-type=\"elementor_library\">\n\t\t\t\t<div role=\"region\" aria-labelledby=\"e-n-accordion-item-1960\" class=\"elementor-element elementor-element-5cf22526 e-con-full e-flex e-con e-parent\" data-id=\"5cf22526\" data-element_type=\"container\" data-e-type=\"container\">\n\t\t<div role=\"region\" aria-labelledby=\"e-n-accordion-item-1960\" class=\"elementor-element elementor-element-1c4085ed e-con-full e-flex e-con e-child\" data-id=\"1c4085ed\" data-element_type=\"container\" data-e-type=\"container\">\n\t\t\t\t<div class=\"elementor-element elementor-element-771db8d1 elementor-hidden-mobile elementor-widget elementor-widget-heading\" data-id=\"771db8d1\" data-element_type=\"widget\" data-e-type=\"widget\" data-widget_type=\"heading.default\">\n\t\t\t\t<div class=\"elementor-widget-container\">\n\t\t\t\t\t<h3 class=\"elementor-heading-title elementor-size-default\">Dimensions<\/h3>\t\t\t\t<\/div>\n\t\t\t\t<\/div>\n\t\t\t\t<div class=\"elementor-element elementor-element-5a8fac04 elementor-widget elementor-widget-text-editor\" data-id=\"5a8fac04\" data-element_type=\"widget\" data-e-type=\"widget\" data-widget_type=\"text-editor.default\">\n\t\t\t\t<div class=\"elementor-widget-container\">\n\t\t\t\t\t\t\t\t\t<p><strong>Largeur:<\/strong> 32mm<br \/><strong>Profondeur:<\/strong> 48mm<br \/><strong>Hauteur:<\/strong> 37mm<\/p>\t\t\t\t\t\t\t\t<\/div>\n\t\t\t\t<\/div>\n\t\t\t\t<\/div>\n\t\t<div role=\"region\" aria-labelledby=\"e-n-accordion-item-1960\" class=\"elementor-element elementor-element-1145001b e-flex e-con-boxed e-con e-child\" data-id=\"1145001b\" data-element_type=\"container\" data-e-type=\"container\">\n\t\t\t\t\t<div class=\"e-con-inner\">\n\t\t\t\t<div class=\"elementor-element elementor-element-68cb0e24 elementor-widget elementor-widget-image\" data-id=\"68cb0e24\" data-element_type=\"widget\" data-e-type=\"widget\" data-widget_type=\"image.default\">\n\t\t\t\t<div class=\"elementor-widget-container\">\n\t\t\t\t\t\t\t\t\t\t\t\t\t\t\t<img decoding=\"async\" width=\"1\" height=\"1\" src=\"https:\/\/staging.niryo.com\/wp-content\/uploads\/2024\/06\/electromagnet-techspecs-1.svg\" class=\"attachment-large size-large wp-image-5514\" alt=\"\" loading=\"lazy\" \/>\t\t\t\t\t\t\t\t\t\t\t\t\t\t\t<\/div>\n\t\t\t\t<\/div>\n\t\t\t\t\t<\/div>\n\t\t\t\t<\/div>\n\t\t\t\t<\/div>\n\t\t\t\t<\/div>\n\t\t\t\t<\/div>\n\t\t\t\t\t\t<\/div>\n\t\t\t\t<\/div>\n\t\t\t\t<\/div>\n\t\t\t\t\t<\/details>\n\t\t\t\t\t<\/div>\n\t\t\t\t\t\t<\/div>\n\t\t\t\t<\/div>\n\t\t\t\t<\/div>\n\t\t<div class=\"elementor-element elementor-element-691706ca elementor-hidden-mobile e-con-full e-flex e-con e-parent\" data-id=\"691706ca\" data-element_type=\"container\" data-e-type=\"container\">\n\t\t\t\t<div class=\"elementor-element elementor-element-3f326929 elementor-widget-divider--view-line elementor-widget elementor-widget-divider\" data-id=\"3f326929\" data-element_type=\"widget\" data-e-type=\"widget\" data-widget_type=\"divider.default\">\n\t\t\t\t<div class=\"elementor-widget-container\">\n\t\t\t\t\t\t\t<div class=\"elementor-divider\">\n\t\t\t<span class=\"elementor-divider-separator\">\n\t\t\t\t\t\t<\/span>\n\t\t<\/div>\n\t\t\t\t\t\t<\/div>\n\t\t\t\t<\/div>\n\t\t\t\t<\/div>\n\t\t<div class=\"elementor-element elementor-element-71c9fba4 e-flex e-con-boxed e-con e-parent\" data-id=\"71c9fba4\" data-element_type=\"container\" data-e-type=\"container\">\n\t\t\t\t\t<div class=\"e-con-inner\">\n\t\t\t\t<div class=\"elementor-element elementor-element-77d694a0 elementor-widget elementor-widget-template\" data-id=\"77d694a0\" data-element_type=\"widget\" data-e-type=\"widget\" data-widget_type=\"template.default\">\n\t\t\t\t<div class=\"elementor-widget-container\">\n\t\t\t\t\t\t\t<div class=\"elementor-template\">\n\t\t\t\t\t<div data-elementor-type=\"container\" data-elementor-id=\"23871\" class=\"elementor elementor-23871 elementor-22474\" data-elementor-post-type=\"elementor_library\">\n\t\t\t\t<div class=\"elementor-element elementor-element-1fadf8d e-con-full e-flex e-con e-parent\" data-id=\"1fadf8d\" data-element_type=\"container\" data-e-type=\"container\">\n\t\t\t\t<div class=\"elementor-element elementor-element-807a4ac elementor-widget elementor-widget-heading\" data-id=\"807a4ac\" data-element_type=\"widget\" data-e-type=\"widget\" data-widget_type=\"heading.default\">\n\t\t\t\t<div class=\"elementor-widget-container\">\n\t\t\t\t\t<span class=\"elementor-heading-title elementor-size-default\">Des solutions pour tous<\/span>\t\t\t\t<\/div>\n\t\t\t\t<\/div>\n\t\t\t\t<div class=\"elementor-element elementor-element-172d275 elementor-widget__width-initial elementor-widget elementor-widget-heading\" data-id=\"172d275\" data-element_type=\"widget\" data-e-type=\"widget\" data-widget_type=\"heading.default\">\n\t\t\t\t<div class=\"elementor-widget-container\">\n\t\t\t\t\t<h2 class=\"elementor-heading-title elementor-size-default\">Nos solutions \u00e9ducatives<\/h2>\t\t\t\t<\/div>\n\t\t\t\t<\/div>\n\t\t\t\t<\/div>\n\t\t\t\t<\/div>\n\t\t\t\t<\/div>\n\t\t\t\t\t\t<\/div>\n\t\t\t\t<\/div>\n\t\t\t\t\t<\/div>\n\t\t\t\t<\/div>\n\t\t\t\t<\/div>\n\t\t","protected":false},"excerpt":{"rendered":"<p>Avec cet \u00e9lectro-aimant, vous pourrez facilement pr\u00e9lever et placer de petites pi\u00e8ces m\u00e9talliques (ou plusieurs \u00e0 la fois), ce qui peut \u00eatre impossible avec d&rsquo;autres pr\u00e9henseurs, notamment pour de tr\u00e8s petites pi\u00e8ces (vis, rondelles, \u00e9crous, \u2026).<\/p>\n","protected":false},"featured_media":3736,"template":"","meta":{"_acf_changed":false,"content-type":""},"area":[162],"platform":[],"sector":[],"product_brand":[],"product_cat":[163],"class_list":{"0":"post-5636","1":"product","2":"type-product","3":"status-publish","4":"has-post-thumbnail","6":"product_cat-default-de","8":"first","9":"instock","10":"taxable","11":"shipping-taxable","12":"purchasable","13":"product-type-simple"},"acf":[],"yoast_head":"<!-- This site is optimized with the Yoast SEO plugin v26.9 - https:\/\/yoast.com\/product\/yoast-seo-wordpress\/ -->\n<title>Electro aimant pour Robot Collaboratif Ned2 - Niryo<\/title>\n<meta name=\"description\" content=\"Notre \u00e9lectro-aimant ramasse les petits objets m\u00e9talliques. D\u00e9couvrez cet accessoire indispensable \u00e0 notre robot collaboratif.\" \/>\n<meta name=\"robots\" content=\"index, follow, max-snippet:-1, max-image-preview:large, max-video-preview:-1\" \/>\n<link rel=\"canonical\" href=\"https:\/\/staging.niryo.com\/fr\/produit\/electro-aimant\/\" \/>\n<meta property=\"og:locale\" content=\"fr_FR\" \/>\n<meta property=\"og:type\" content=\"article\" \/>\n<meta property=\"og:title\" content=\"Electro aimant pour Robot Collaboratif Ned2 - Niryo\" \/>\n<meta property=\"og:description\" content=\"Notre \u00e9lectro-aimant ramasse les petits objets m\u00e9talliques. D\u00e9couvrez cet accessoire indispensable \u00e0 notre robot collaboratif.\" \/>\n<meta property=\"og:url\" content=\"https:\/\/staging.niryo.com\/fr\/produit\/electro-aimant\/\" \/>\n<meta property=\"og:site_name\" content=\"Niryo\" \/>\n<meta property=\"article:modified_time\" content=\"2025-10-13T13:42:57+00:00\" \/>\n<meta property=\"og:image\" content=\"https:\/\/staging.niryo.com\/wp-content\/uploads\/2024\/06\/electro-hero1-2000.jpg\" \/>\n\t<meta property=\"og:image:width\" content=\"2000\" \/>\n\t<meta property=\"og:image:height\" content=\"2000\" \/>\n\t<meta property=\"og:image:type\" content=\"image\/jpeg\" \/>\n<meta name=\"twitter:card\" content=\"summary_large_image\" \/>\n<script type=\"application\/ld+json\" class=\"yoast-schema-graph\">{\"@context\":\"https:\/\/schema.org\",\"@graph\":[{\"@type\":\"WebPage\",\"@id\":\"https:\/\/staging.niryo.com\/fr\/produit\/electro-aimant\/\",\"url\":\"https:\/\/staging.niryo.com\/fr\/produit\/electro-aimant\/\",\"name\":\"Electro aimant pour Robot Collaboratif Ned2 - Niryo\",\"isPartOf\":{\"@id\":\"https:\/\/staging.niryo.com\/fr\/#website\"},\"primaryImageOfPage\":{\"@id\":\"https:\/\/staging.niryo.com\/fr\/produit\/electro-aimant\/#primaryimage\"},\"image\":{\"@id\":\"https:\/\/staging.niryo.com\/fr\/produit\/electro-aimant\/#primaryimage\"},\"thumbnailUrl\":\"https:\/\/staging.niryo.com\/wp-content\/uploads\/2024\/06\/electro-hero1-2000.jpg\",\"datePublished\":\"2024-06-27T14:30:19+00:00\",\"dateModified\":\"2025-10-13T13:42:57+00:00\",\"description\":\"Notre \u00e9lectro-aimant ramasse les petits objets m\u00e9talliques. D\u00e9couvrez cet accessoire indispensable \u00e0 notre robot collaboratif.\",\"breadcrumb\":{\"@id\":\"https:\/\/staging.niryo.com\/fr\/produit\/electro-aimant\/#breadcrumb\"},\"inLanguage\":\"fr-FR\",\"potentialAction\":[{\"@type\":\"ReadAction\",\"target\":[\"https:\/\/staging.niryo.com\/fr\/produit\/electro-aimant\/\"]}]},{\"@type\":\"ImageObject\",\"inLanguage\":\"fr-FR\",\"@id\":\"https:\/\/staging.niryo.com\/fr\/produit\/electro-aimant\/#primaryimage\",\"url\":\"https:\/\/staging.niryo.com\/wp-content\/uploads\/2024\/06\/electro-hero1-2000.jpg\",\"contentUrl\":\"https:\/\/staging.niryo.com\/wp-content\/uploads\/2024\/06\/electro-hero1-2000.jpg\",\"width\":2000,\"height\":2000},{\"@type\":\"BreadcrumbList\",\"@id\":\"https:\/\/staging.niryo.com\/fr\/produit\/electro-aimant\/#breadcrumb\",\"itemListElement\":[{\"@type\":\"ListItem\",\"position\":1,\"name\":\"Home\",\"item\":\"https:\/\/staging.niryo.com\/fr\/\"},{\"@type\":\"ListItem\",\"position\":2,\"name\":\"Produits\",\"item\":\"https:\/\/staging.niryo.com\/fr\/boutique\/\"},{\"@type\":\"ListItem\",\"position\":3,\"name\":\"\u00c9lectro-Aimant\"}]},{\"@type\":\"WebSite\",\"@id\":\"https:\/\/staging.niryo.com\/fr\/#website\",\"url\":\"https:\/\/staging.niryo.com\/fr\/\",\"name\":\"Niryo\",\"description\":\"Empower your robotics potential - Collaborative robots\",\"publisher\":{\"@id\":\"https:\/\/staging.niryo.com\/fr\/#organization\"},\"potentialAction\":[{\"@type\":\"SearchAction\",\"target\":{\"@type\":\"EntryPoint\",\"urlTemplate\":\"https:\/\/staging.niryo.com\/fr\/?s={search_term_string}\"},\"query-input\":{\"@type\":\"PropertyValueSpecification\",\"valueRequired\":true,\"valueName\":\"search_term_string\"}}],\"inLanguage\":\"fr-FR\"},{\"@type\":\"Organization\",\"@id\":\"https:\/\/staging.niryo.com\/fr\/#organization\",\"name\":\"Niryo\",\"url\":\"https:\/\/staging.niryo.com\/fr\/\",\"logo\":{\"@type\":\"ImageObject\",\"inLanguage\":\"fr-FR\",\"@id\":\"https:\/\/staging.niryo.com\/fr\/#\/schema\/logo\/image\/\",\"url\":\"https:\/\/staging.niryo.com\/wp-content\/uploads\/2024\/03\/logo-horizontal-bleu.svg\",\"contentUrl\":\"https:\/\/staging.niryo.com\/wp-content\/uploads\/2024\/03\/logo-horizontal-bleu.svg\",\"caption\":\"Niryo\"},\"image\":{\"@id\":\"https:\/\/staging.niryo.com\/fr\/#\/schema\/logo\/image\/\"},\"sameAs\":[\"https:\/\/www.linkedin.com\/company\/10970402\/admin\/feed\/posts\/\",\"https:\/\/www.tiktok.com\/@niryo_robotics\",\"https:\/\/www.instagram.com\/niryo_robotics\/\",\"https:\/\/discord.com\/invite\/EqpPYTf9FJ\"]}]}<\/script>\n<!-- \/ Yoast SEO plugin. -->","yoast_head_json":{"title":"Electro aimant pour Robot Collaboratif Ned2 - Niryo","description":"Notre \u00e9lectro-aimant ramasse les petits objets m\u00e9talliques. D\u00e9couvrez cet accessoire indispensable \u00e0 notre robot collaboratif.","robots":{"index":"index","follow":"follow","max-snippet":"max-snippet:-1","max-image-preview":"max-image-preview:large","max-video-preview":"max-video-preview:-1"},"canonical":"https:\/\/staging.niryo.com\/fr\/produit\/electro-aimant\/","og_locale":"fr_FR","og_type":"article","og_title":"Electro aimant pour Robot Collaboratif Ned2 - Niryo","og_description":"Notre \u00e9lectro-aimant ramasse les petits objets m\u00e9talliques. D\u00e9couvrez cet accessoire indispensable \u00e0 notre robot collaboratif.","og_url":"https:\/\/staging.niryo.com\/fr\/produit\/electro-aimant\/","og_site_name":"Niryo","article_modified_time":"2025-10-13T13:42:57+00:00","og_image":[{"width":2000,"height":2000,"url":"https:\/\/staging.niryo.com\/wp-content\/uploads\/2024\/06\/electro-hero1-2000.jpg","type":"image\/jpeg"}],"twitter_card":"summary_large_image","schema":{"@context":"https:\/\/schema.org","@graph":[{"@type":"WebPage","@id":"https:\/\/staging.niryo.com\/fr\/produit\/electro-aimant\/","url":"https:\/\/staging.niryo.com\/fr\/produit\/electro-aimant\/","name":"Electro aimant pour Robot Collaboratif Ned2 - Niryo","isPartOf":{"@id":"https:\/\/staging.niryo.com\/fr\/#website"},"primaryImageOfPage":{"@id":"https:\/\/staging.niryo.com\/fr\/produit\/electro-aimant\/#primaryimage"},"image":{"@id":"https:\/\/staging.niryo.com\/fr\/produit\/electro-aimant\/#primaryimage"},"thumbnailUrl":"https:\/\/staging.niryo.com\/wp-content\/uploads\/2024\/06\/electro-hero1-2000.jpg","datePublished":"2024-06-27T14:30:19+00:00","dateModified":"2025-10-13T13:42:57+00:00","description":"Notre \u00e9lectro-aimant ramasse les petits objets m\u00e9talliques. D\u00e9couvrez cet accessoire indispensable \u00e0 notre robot collaboratif.","breadcrumb":{"@id":"https:\/\/staging.niryo.com\/fr\/produit\/electro-aimant\/#breadcrumb"},"inLanguage":"fr-FR","potentialAction":[{"@type":"ReadAction","target":["https:\/\/staging.niryo.com\/fr\/produit\/electro-aimant\/"]}]},{"@type":"ImageObject","inLanguage":"fr-FR","@id":"https:\/\/staging.niryo.com\/fr\/produit\/electro-aimant\/#primaryimage","url":"https:\/\/staging.niryo.com\/wp-content\/uploads\/2024\/06\/electro-hero1-2000.jpg","contentUrl":"https:\/\/staging.niryo.com\/wp-content\/uploads\/2024\/06\/electro-hero1-2000.jpg","width":2000,"height":2000},{"@type":"BreadcrumbList","@id":"https:\/\/staging.niryo.com\/fr\/produit\/electro-aimant\/#breadcrumb","itemListElement":[{"@type":"ListItem","position":1,"name":"Home","item":"https:\/\/staging.niryo.com\/fr\/"},{"@type":"ListItem","position":2,"name":"Produits","item":"https:\/\/staging.niryo.com\/fr\/boutique\/"},{"@type":"ListItem","position":3,"name":"\u00c9lectro-Aimant"}]},{"@type":"WebSite","@id":"https:\/\/staging.niryo.com\/fr\/#website","url":"https:\/\/staging.niryo.com\/fr\/","name":"Niryo","description":"Empower your robotics potential - Collaborative robots","publisher":{"@id":"https:\/\/staging.niryo.com\/fr\/#organization"},"potentialAction":[{"@type":"SearchAction","target":{"@type":"EntryPoint","urlTemplate":"https:\/\/staging.niryo.com\/fr\/?s={search_term_string}"},"query-input":{"@type":"PropertyValueSpecification","valueRequired":true,"valueName":"search_term_string"}}],"inLanguage":"fr-FR"},{"@type":"Organization","@id":"https:\/\/staging.niryo.com\/fr\/#organization","name":"Niryo","url":"https:\/\/staging.niryo.com\/fr\/","logo":{"@type":"ImageObject","inLanguage":"fr-FR","@id":"https:\/\/staging.niryo.com\/fr\/#\/schema\/logo\/image\/","url":"https:\/\/staging.niryo.com\/wp-content\/uploads\/2024\/03\/logo-horizontal-bleu.svg","contentUrl":"https:\/\/staging.niryo.com\/wp-content\/uploads\/2024\/03\/logo-horizontal-bleu.svg","caption":"Niryo"},"image":{"@id":"https:\/\/staging.niryo.com\/fr\/#\/schema\/logo\/image\/"},"sameAs":["https:\/\/www.linkedin.com\/company\/10970402\/admin\/feed\/posts\/","https:\/\/www.tiktok.com\/@niryo_robotics","https:\/\/www.instagram.com\/niryo_robotics\/","https:\/\/discord.com\/invite\/EqpPYTf9FJ"]}]}},"jetpack_sharing_enabled":true,"_links":{"self":[{"href":"https:\/\/staging.niryo.com\/fr\/wp-json\/wp\/v2\/product\/5636","targetHints":{"allow":["GET"]}}],"collection":[{"href":"https:\/\/staging.niryo.com\/fr\/wp-json\/wp\/v2\/product"}],"about":[{"href":"https:\/\/staging.niryo.com\/fr\/wp-json\/wp\/v2\/types\/product"}],"version-history":[{"count":0,"href":"https:\/\/staging.niryo.com\/fr\/wp-json\/wp\/v2\/product\/5636\/revisions"}],"wp:featuredmedia":[{"embeddable":true,"href":"https:\/\/staging.niryo.com\/fr\/wp-json\/wp\/v2\/media\/3736"}],"wp:attachment":[{"href":"https:\/\/staging.niryo.com\/fr\/wp-json\/wp\/v2\/media?parent=5636"}],"wp:term":[{"taxonomy":"area","embeddable":true,"href":"https:\/\/staging.niryo.com\/fr\/wp-json\/wp\/v2\/area?post=5636"},{"taxonomy":"platform","embeddable":true,"href":"https:\/\/staging.niryo.com\/fr\/wp-json\/wp\/v2\/platform?post=5636"},{"taxonomy":"sector","embeddable":true,"href":"https:\/\/staging.niryo.com\/fr\/wp-json\/wp\/v2\/sector?post=5636"},{"taxonomy":"product_brand","embeddable":true,"href":"https:\/\/staging.niryo.com\/fr\/wp-json\/wp\/v2\/product_brand?post=5636"},{"taxonomy":"product_cat","embeddable":true,"href":"https:\/\/staging.niryo.com\/fr\/wp-json\/wp\/v2\/product_cat?post=5636"}],"curies":[{"name":"wp","href":"https:\/\/api.w.org\/{rel}","templated":true}]}}